{"id":5342,"date":"2021-08-25T20:53:13","date_gmt":"2021-08-25T18:53:13","guid":{"rendered":"https:\/\/knjiznica.ffzg.unizg.hr\/?page_id=5342"},"modified":"2026-03-16T12:04:45","modified_gmt":"2026-03-16T11:04:45","slug":"directory","status":"publish","type":"page","link":"https:\/\/knjiznica.ffzg.unizg.hr\/en\/library\/directory\/","title":{"rendered":"Library Staff Directory"},"content":{"rendered":"\n<p><strong>Main reference desk on the ground floor<\/strong><br>+385 1 4092 396, ext. 2396<\/p>\n\n\n\n<p><strong>Reference desk on the 1st floor<\/strong><br>+385 1 4092 397, ext. 2397<\/p>\n\n\n\n<p><strong><strong>Reference desk on the 2nd floor<\/strong> <\/strong><br>+385 1 4092 398, ext. 2398<\/p>\n\n\n\n<p><strong><strong>Reference desk on the 3rd floor<\/strong> <\/strong><br>+385 1 4092 399, ext. 2399<\/p>\n\n\n\n<p><strong><strong>Reference desk on the 4th floor<\/strong> <\/strong><br>+385 1 4092 400, ext. 2400<\/p>\n\n\n\n<p><strong><strong>Reference desk on the 5th floor<\/strong> <\/strong><br>+385 1 4092 401, ext. 2401<\/p>\n\n\n\n<p><strong>Tamara Bakran<\/strong>, Turkish L. and L.; Hungarian L. and L.; Judaic Collection<br><a href=\"mailto:tbakran@m.ffzg.hr\" data-type=\"mailto\" data-id=\"mailto:tbakran@m.ffzg.hr\">tbakran@m.ffzg.hr<\/a>; +385 1 4092 094, ext. 2094; 4th floor (r. 4.11)<\/p>\n\n\n\n<p><strong>Kristina Belo\u0161evi\u0107<\/strong>, Journal Collection<br><a href=\"mailto:kbelosev@m.ffzg.hr\">kbelosev@m.ffzg.hr<\/a>; +385 1 4092 391, ext. 2391; basement floor (r. -1.3.1)&nbsp;<\/p>\n\n\n\n<p><strong>Gordana Berakovi\u0107<\/strong>, Scan-on-demand Service<br><a href=\"mailto:gberakovic@m.ffzg.hr\" data-type=\"mailto\" data-id=\"mailto:gberakovic@m.ffzg.hr\">gberakovic@m.ffzg.hr<\/a>; +385 1 4092 035, ext. 2035; ground floor (r. 0.7)<\/p>\n\n\n\n<p><strong>Sanja Bezlaj Iliji\u0107<\/strong>, Linguistics; Indology and Indo-Iranian L. and L.; Japanese L. and L.; Korean L. and L.; Sinology collection<br><a href=\"mailto:silijic@m.ffzg.hr\">silijic@m.ffzg.hr<\/a>; +385 1 4092 207, ext. 2207; 4th floor (r. 4.3.4)<\/p>\n\n\n\n<p><strong>Marijana Bri\u0161ki Gudelj<\/strong>, History of Art Collection (temporarily absent), <strong>Inja Cahun<\/strong> <strong>Kisi\u0107<\/strong> <a href=\"mailto:icahun@m.ffzg.hr\" data-type=\"mailto\" data-id=\"mailto:icahun@m.ffzg.hr\">icahun@m.ffzg.hr<\/a> and Antun Kiseljak <a href=\"mailto:akiselja@m.ffzg.hr\" data-type=\"mailto\" data-id=\"mailto:sarhorva@m.ffzg.hr\">akiselja@m.ffzg.hr<\/a> (substitute)<br><a href=\"mailto:mbriskig@m.ffzg.hr\" data-type=\"mailto\" data-id=\"mailto:mbriskig@m.ffzg.hr\">mbriskig@m.ffzg.hr<\/a>; +385 1 4092 162, ext. 2162; 2nd floor (r. 2.10)<\/p>\n\n\n\n<p><strong>Inja Cahun<\/strong> <strong>Kisi\u0107<\/strong>, Ethnology and Anthropology Collection<br><a href=\"mailto:icahun@ffzg.hr\">icahun@m.ffzg.hr<\/a>; +385 1 4092 038, ext. 2038; 2nd floor (r. 2.10)<\/p>\n\n\n\n<p><strong>Jagor \u010cop<\/strong>, Information Service<br><a href=\"mailto:jcop@m.ffzg.hr\">jcop@m.ffzg.hr<\/a>; +385 1 4092-397, ext. 2397; 1st floor (inf. desk)<\/p>\n\n\n\n<p><strong>Berislav \u010covi\u0107<\/strong>, Closed Stacks<br><a href=\"mailto:bcovic@m.ffzg.hr\" data-type=\"mailto\" data-id=\"mailto:bcovic@m.ffzg.hr\">bcovic@m.ffzg.hr<\/a>; +385 1 4092 390, ext. 2390; basement floor (r. -1.2.1.)&nbsp;<\/p>\n\n\n\n<p><strong>Goran Fu\u010dkar-Joli\u0107<\/strong>, Information Service<br><a href=\"mailto:gfjolic@ffzg.hr\">gfjolic@ffzg.hr<\/a>; +385 1 4092 398, ext. 2398; 2nd floor (inf. desk)<\/p>\n\n\n\n<p><strong>Marijana Glavica<\/strong>, System Librarian<br><a href=\"mailto:mglavica@m.ffzg.hr\" data-type=\"mailto\" data-id=\"mailto:mglavica@m.ffzg.hr\">mglavica@m.ffzg.hr<\/a>; +385 1 4092 411, ext. 2411; 3rd floor (r. 0.3)<\/p>\n\n\n\n<p><strong>Dubravka Galeni\u0107<\/strong>, Information Service<br><a href=\"mailto: dugaleni@m.ffzg.hr\"> dugaleni@m.ffzg.hr<\/a>; +385 1 4092 399, ext. 2399; 3rd floor (inf. desk)<\/p>\n\n\n\n<p><strong>Sa\u0161a Gori\u010dki<\/strong>, Information Service<br><a href=\"mailto:sgoricki@m.ffzg.hr\" data-type=\"mailto\" data-id=\"mailto:sgoricki@m.ffzg.hr\">sgoricki@m.ffzg.hr<\/a>; +385 1 4092 401, ext. 2401; 5th floor (inf. desk)<\/p>\n\n\n\n<p><strong>Melanija Ivezi\u0107 Talan<\/strong>, Spanish L. and L.; Portuguese L. and L. Collection<br><a href=\"mailto:mivezic@m.ffzg.hr\" data-type=\"mailto\" data-id=\"mailto:mivezic@m.ffzg.hr\">mivezic@m.ffzg.hr<\/a>; +385 1 4092 227, ext. 2227; 5th floor (r. 5.8)<\/p>\n\n\n\n<p><strong>Tihana Katini\u0107<\/strong>, Information Service<br><a href=\"mailto:tkatinic@m.ffzg.hr\" data-type=\"mailto\" data-id=\"mailto:tkatinic@m.ffzg.hr\">tkatinic@m.ffzg.hr<\/a>; +385 1 4092 397, ext. 2397; 1st floor (inf. desk)&nbsp;<\/p>\n\n\n\n<p><strong>Lucija Klanac<\/strong>, Information Service<br><a href=\"mailto:lklanac@m.ffzg.hr\">lklanac@m.ffzg.hr<\/a>; +385 1 4092 399, ext. 2399; 3rd floor (inf. desk)<\/p>\n\n\n\n<p><strong>Bla\u017eenka Klemar Bubi\u0107<\/strong>, German L. and L.; Dutch Studies Collection<br><a href=\"mailto:bklemar@m.ffzg.hr\">bklemar@m.ffzg.hr<\/a>; +385 1 4092 032, ext. 2032; 5th floor (r. 5.8)&nbsp;<\/p>\n\n\n\n<p><strong>Laura Komeri\u010dki<\/strong>, Information Service<br><a href=\"mailto:lkomeric@m.ffzg.hr\" data-type=\"mailto\" data-id=\"mailto:lkomeric@m.ffzg.hr\">lkomeric@m.ffzg.hr<\/a>; +385 1 4092 396, ext. 2396; ground floor (inf. desk)<\/p>\n\n\n\n<p><strong>Stela Kos<\/strong>, Information Service <br><a href=\"mailto:stkos@m.ffzg.hr\" data-type=\"mailto\" data-id=\"mailto:stkos@m.ffzg.hr\">stkos@m.ffzg.hr<\/a>; +385 1 4092 398, ext. 2398; 2nd floor (inf. desk)<\/p>\n\n\n\n<p><strong>Sanja Kova\u010devi\u0107<\/strong>, Slavic L. and L. Collection (Croatian; South Slavic Studies)<br><a href=\"mailto:skovace@m.ffzg.hr\" data-type=\"mailto\" data-id=\"mailto:skovace@m.ffzg.hr\">skovace@m.ffzg.hr<\/a>; +385 1 4092 221, ext. 2221; 3rd floor (r. 3.6)<\/p>\n\n\n\n<p><strong>Irena Kranjec<\/strong>, Information Sciences Collection<br><a href=\"mailto:ikranjec@m.ffzg.hr\" data-type=\"mailto\" data-id=\"mailto:ikranjec@m.ffzg.hr\">ikranjec@m.ffzg.hr<\/a>; +385 1 4092 217, ext. 2217; 1st floor (r. 1.4)<\/p>\n\n\n\n<p><strong>Ivana Kuki\u0107<\/strong>, Psychology; Teacher Education Centre Collection<br><a href=\"mailto:ikukic@m.ffzg.hr\" data-type=\"mailto\" data-id=\"mailto:ikukic@m.ffzg.hr\">ikukic@m.ffzg.hr<\/a>; +385 1 4092 246, ext. 2246; 1st floor (r. 1.4)&nbsp;<\/p>\n\n\n\n<p><strong>Vanja Kula\u0161<\/strong>, French L. and L.; Romanian L. and L. Collection<br><a href=\"mailto:vkulas@m.ffzg.hr\" data-type=\"mailto\" data-id=\"mailto:vkulas@m.ffzg.hr\">vkulas@m.ffzg.hr<\/a>; +385 1 4092 412, ext. 2412; 5th floor (r. 5.5)<\/p>\n\n\n\n<p><strong>\u017dana Maksimovi\u0107<\/strong>, Information Service<br><a href=\"mailto:zmaksimo@m.ffzg.hr\" data-type=\"mailto\" data-id=\"mailto:zmaksimo@m.ffzg.hr\">zmaksimo@m.ffzg.hr<\/a>; +385 1 4092 400, ext. 2400; 4th floor (inf. desk)<\/p>\n\n\n\n<p><strong>Mila Mar\u0161i\u0107<\/strong>, English L. and L. Collection<br><a href=\"mailto:mmarsic@m.ffzg.hr\" data-type=\"mailto\" data-id=\"mailto:mmarsic@m.ffzg.hr\">mmarsic@m.ffzg.hr<\/a>; +385 1 4092 033, ext. 2033; 5th floor (r. 5.8)&nbsp;<\/p>\n\n\n\n<p><strong>Irena Martinovi\u0107<\/strong>, Phonetics, Audio-Visual Collection<br><a href=\"mailto:irmartin@m.ffzg.hr\" data-type=\"mailto\" data-id=\"mailto:irmartin@m.ffzg.hr\">irmartin@m.ffzg.hr<\/a>; +385 1 4092 094, ext. 2094; 4th floor (r. 4.11)<\/p>\n\n\n\n<p><strong>Iva Melin\u0161\u010dak Zlodi<\/strong>, Electronic Resources<br><a href=\"mailto:imelinsc@m.ffzg.hr\" data-type=\"mailto\" data-id=\"mailto:imelinsc@m.ffzg.hr\">imelinsc@m.ffzg.hr<\/a>; +385 1 4092 411, ext. 2411; 5th floor (r. 5.5)<\/p>\n\n\n\n<p><strong>Mirela Menges<\/strong>, Old and Rare Materials Collection \u2013 RARA<br><a href=\"mailto:mmenges@m.ffzg.hr\" data-type=\"mailto\" data-id=\"mailto:mmenges@m.ffzg.hr\">mmenges@m.ffzg.hr<\/a>&nbsp;<\/p>\n\n\n\n<p><strong>Marko Morovi\u0107<\/strong>, Information Service<br><a href=\"mmorovic2@m.ffzg.hr\" data-type=\"link\" data-id=\"mmorovic2@m.ffzg.hr\">mmorovic2@m.ffzg.hr<\/a>; +385 1 4092 400, ext. 2400; 4th floor (inf. desk)<\/p>\n\n\n\n<p><strong>Vi\u0161nja Novosel<\/strong>, <strong>Head of the Library<\/strong><br><a href=\"mailto:voditeljica.knjiznica@ffzg.hr\">voditeljica.knjiznica@m.ffzg.hr<\/a>; +385 1 4092 270, ext. 2270; 5th floor (r. 5.7)<br>Pedagogy; Scandinavian L. and L. Collection<br><a href=\"vnovosel@m.ffzg.hr\" data-type=\"link\" data-id=\"vnovosel@m.ffzg.hr\">vnovosel@m.ffzg.hr<\/a>; +385 1 4092 246, ext. 2246; 1st floor (r. 1.4)<\/p>\n\n\n\n<p><strong>Zoran Pavin<\/strong>, General Reference Collection<br><a href=\"mailto:zpavin@m.ffzg.hr\" data-type=\"mailto\" data-id=\"mailto:zpavin@m.ffzg.hr\">zpavin@m.ffzg.hr<\/a>; +385 1 4092 035, ext. 2035; ground floor (r. 0.7)<\/p>\n\n\n\n<p><strong>Dobrica Pavlinu\u0161i\u0107<\/strong>, System Librarian<br><a href=\"mailto:dpavlin@m.ffzg.hr\" data-type=\"mailto\" data-id=\"mailto:dpavlin@m.ffzg.hr\">dpavlin@m.ffzg.hr<\/a>; +385 1 4092 411, ext. 2411; 5th floor (r. 5.5)<\/p>\n\n\n\n<p><strong>Tatijana Petri\u0107<\/strong>, Serials and Integrating Resources Specialist<br>m.\u00a0<a href=\"mailto:tpetric@m.ffzg.hr\">tpetric@m.ffzg.hr<\/a>; t. 01\/4092-412, ku\u0107ni 2412, p. 5.5. (5. kat)<\/p>\n\n\n\n<p><strong>Silvija Pisk<\/strong>, History Collection<br><a href=\"mailto:spisk@m.ffzg.hr\" data-type=\"mailto\" data-id=\"mailto:spisk@m.ffzg.hr\">spisk@m.ffzg.hr<\/a>; +385 1 4092 015, ext. 2015; 2nd floor (r. 2.10)<\/p>\n\n\n\n<p><strong>Irena Poljak Juras<\/strong>, Sociology Collection<br><a href=\"mailto:ipoljak@m.ffzg.hr\" data-type=\"mailto\" data-id=\"mailto:ipoljak@m.ffzg.hr\">ipoljak@m.ffzg.hr<\/a>; +385 1 4092 225, ext. 2225; 1st floor (r. 1.4)<\/p>\n\n\n\n<p><strong>Nevia Raos<\/strong>, Italian L. and L. Collection<br><a href=\"mailto:nraos@m.ffzg.hr\" data-type=\"mailto\" data-id=\"mailto:nraos@m.ffzg.hr\">nraos@m.ffzg.hr<\/a>; +385 1 4092 384, ext. 2384; 5th floor (r. 5.6)<\/p>\n\n\n\n<p><strong>\u017deljka Salopek<\/strong> (on leave), <strong>Sara Horvat <\/strong>(substitute), m. <a href=\"mailto:sarhorva@m.ffzg.hr\">sarhorva@m.ffzg.hr<\/a>, Classical Philology Collection<br><a href=\"mailto:zsalopek@m.ffzg.hr\" data-type=\"mailto\" data-id=\"mailto:zsalopek@m.ffzg.hr\">zsalopek@m.ffzg.hr<\/a>; +385 1 4092 040, ext. 2040; 4th floor (r. 4.10)&nbsp;<\/p>\n\n\n\n<p><strong>Jasmina So\u010do<\/strong>, Slavic L. and L. Collection (West Slavic Studies)<br><a href=\"mailto:jsoco@m.ffzg.hr\" data-type=\"mailto\" data-id=\"mailto:jsoco@m.ffzg.hr\">jsoco@m.ffzg.hr<\/a>; +385 1 4092 220, ext. 2220; 3rd floor (r. 3.3.3)<\/p>\n\n\n\n<p><strong>Greta \u0160imi\u010devi\u0107 Pavlovi\u0107<\/strong>, Slavic L. and L. Collection (East Slavic Studies)<br><a href=\"mailto:gsimicev@m.ffzg.hr\" data-type=\"mailto\" data-id=\"mailto:gsimicev@m.ffzg.hr\">gsimicev@m.ffzg.hr<\/a>; +385 1 4092 221, ext. 2221; 3rd floor (r. 3.6)<\/p>\n\n\n\n<p><strong>\u017deljana Vu\u010dina Peh<\/strong>, Comparative Literature Collection<br><a href=\"maitlo:zvucina@m.ffzg.hr\" data-type=\"link\" data-id=\"maitlo:zvucina@m.ffzg.hr\">zvucina@m.ffzg.hr<\/a>; +385 1 4092 039, ext. 2039; 4th floor (r. 4.3.4)<\/p>\n\n\n\n<p><strong>Igor Vujani\u0107<\/strong>, Information Service<br><a href=\"mailto:ivujanic@m.ffzg.hr\" data-type=\"mailto\" data-id=\"mailto:ivujanic@m.ffzg.hr\">ivujanic@m.ffzg.hr<\/a>; +385 1 4092 396, ext. 2396; ground floor (inf. desk)<\/p>\n\n\n\n<p><strong>Marija Vukovojac-Dugan<\/strong>, Archeology Collection <a href=\"mailto:mavukovo@m.ffzg.hr\">mavukovo@m.ffzg.hr<\/a> +385 1 4092 228, ext. 2228; 2nd floor (r. 2.10)<\/p>\n\n\n\n<p><strong>Lana Zrni\u0107<\/strong>, Philosophy Collection <a href=\"mailto:lzrnic@m.ffzg.hr\" data-type=\"mailto\" data-id=\"mailto:lzrnic@m.ffzg.hr\">lzrnic@m.ffzg.hr<\/a>; Interlibrary Loans Service <a href=\"mailto:mkp@ffzg.hr\">mkp@ffzg.hr<\/a>&nbsp;<br>&nbsp;+385 1 4092 206, ext. 2206; 1st floor (r. 1.4)<\/p>\n\n\n\n<p><strong>Ivan \u017divkovi\u0107<\/strong>, Closed Stacks<br>m. <a href=\"mailto:izivkovic@m.ffzg.hr\" data-type=\"mailto\" data-id=\"mailto:izivkovic@m.ffzg.hr\">izivkovic@m.ffzg.hr<\/a>; +385 1 4092 391, ext. 2391; basement floor (r. -1.3.1) &nbsp;&nbsp;<\/p>\n","protected":false},"excerpt":{"rendered":"<p>Main reference desk on the ground floor+385 1 4092 396, ext. 2396 Reference desk on the 1st floor+385 1 4092 397, ext. 2397 Reference desk on the 2nd floor +385 1 4092 398, ext. 2398 Reference desk on the 3rd floor +385 1 4092 399, ext. 2399 Reference desk on the 4th floor +385 1 [&hellip;]<\/p>\n","protected":false},"author":8,"featured_media":0,"parent":849,"menu_order":0,"comment_status":"closed","ping_status":"closed","template":"","meta":{"ocean_post_layout":"","ocean_both_sidebars_style":"","ocean_both_sidebars_content_width":0,"ocean_both_sidebars_sidebars_width":0,"ocean_sidebar":"0","ocean_second_sidebar":"0","ocean_disable_margins":"enable","ocean_add_body_class":"","ocean_shortcode_before_top_bar":"","ocean_shortcode_after_top_bar":"","ocean_shortcode_before_header":"","ocean_shortcode_after_header":"","ocean_has_shortcode":"","ocean_shortcode_after_title":"","ocean_shortcode_before_footer_widgets":"","ocean_shortcode_after_footer_widgets":"","ocean_shortcode_before_footer_bottom":"","ocean_shortcode_after_footer_bottom":"","ocean_display_top_bar":"default","ocean_display_header":"default","ocean_header_style":"","ocean_center_header_left_menu":"0","ocean_custom_header_template":"0","ocean_custom_logo":0,"ocean_custom_retina_logo":0,"ocean_custom_logo_max_width":0,"ocean_custom_logo_tablet_max_width":0,"ocean_custom_logo_mobile_max_width":0,"ocean_custom_logo_max_height":0,"ocean_custom_logo_tablet_max_height":0,"ocean_custom_logo_mobile_max_height":0,"ocean_header_custom_menu":"0","ocean_menu_typo_font_family":"0","ocean_menu_typo_font_subset":"","ocean_menu_typo_font_size":0,"ocean_menu_typo_font_size_tablet":0,"ocean_menu_typo_font_size_mobile":0,"ocean_menu_typo_font_size_unit":"px","ocean_menu_typo_font_weight":"","ocean_menu_typo_font_weight_tablet":"","ocean_menu_typo_font_weight_mobile":"","ocean_menu_typo_transform":"","ocean_menu_typo_transform_tablet":"","ocean_menu_typo_transform_mobile":"","ocean_menu_typo_line_height":0,"ocean_menu_typo_line_height_tablet":0,"ocean_menu_typo_line_height_mobile":0,"ocean_menu_typo_line_height_unit":"","ocean_menu_typo_spacing":0,"ocean_menu_typo_spacing_tablet":0,"ocean_menu_typo_spacing_mobile":0,"ocean_menu_typo_spacing_unit":"","ocean_menu_link_color":"","ocean_menu_link_color_hover":"","ocean_menu_link_color_active":"","ocean_menu_link_background":"","ocean_menu_link_hover_background":"","ocean_menu_link_active_background":"","ocean_menu_social_links_bg":"","ocean_menu_social_hover_links_bg":"","ocean_menu_social_links_color":"","ocean_menu_social_hover_links_color":"","ocean_disable_title":"default","ocean_disable_heading":"default","ocean_post_title":"","ocean_post_subheading":"","ocean_post_title_style":"","ocean_post_title_background_color":"","ocean_post_title_background":0,"ocean_post_title_bg_image_position":"","ocean_post_title_bg_image_attachment":"","ocean_post_title_bg_image_repeat":"","ocean_post_title_bg_image_size":"","ocean_post_title_height":0,"ocean_post_title_bg_overlay":0.5,"ocean_post_title_bg_overlay_color":"","ocean_disable_breadcrumbs":"default","ocean_breadcrumbs_color":"","ocean_breadcrumbs_separator_color":"","ocean_breadcrumbs_links_color":"","ocean_breadcrumbs_links_hover_color":"","ocean_display_footer_widgets":"default","ocean_display_footer_bottom":"default","ocean_custom_footer_template":"0","footnotes":""},"class_list":["post-5342","page","type-page","status-publish","hentry","entry"],"_links":{"self":[{"href":"https:\/\/knjiznica.ffzg.unizg.hr\/en\/wp-json\/wp\/v2\/pages\/5342","targetHints":{"allow":["GET"]}}],"collection":[{"href":"https:\/\/knjiznica.ffzg.unizg.hr\/en\/wp-json\/wp\/v2\/pages"}],"about":[{"href":"https:\/\/knjiznica.ffzg.unizg.hr\/en\/wp-json\/wp\/v2\/types\/page"}],"author":[{"embeddable":true,"href":"https:\/\/knjiznica.ffzg.unizg.hr\/en\/wp-json\/wp\/v2\/users\/8"}],"replies":[{"embeddable":true,"href":"https:\/\/knjiznica.ffzg.unizg.hr\/en\/wp-json\/wp\/v2\/comments?post=5342"}],"version-history":[{"count":20,"href":"https:\/\/knjiznica.ffzg.unizg.hr\/en\/wp-json\/wp\/v2\/pages\/5342\/revisions"}],"predecessor-version":[{"id":8765,"href":"https:\/\/knjiznica.ffzg.unizg.hr\/en\/wp-json\/wp\/v2\/pages\/5342\/revisions\/8765"}],"up":[{"embeddable":true,"href":"https:\/\/knjiznica.ffzg.unizg.hr\/en\/wp-json\/wp\/v2\/pages\/849"}],"wp:attachment":[{"href":"https:\/\/knjiznica.ffzg.unizg.hr\/en\/wp-json\/wp\/v2\/media?parent=5342"}],"curies":[{"name":"wp","href":"https:\/\/api.w.org\/{rel}","templated":true}]}}