{"id":4982,"date":"2020-04-21T18:59:35","date_gmt":"2020-04-21T16:59:35","guid":{"rendered":"https:\/\/kweb.ffzg.unizg.hr\/?page_id=4982"},"modified":"2021-09-01T14:44:13","modified_gmt":"2021-09-01T12:44:13","slug":"resurces","status":"publish","type":"page","link":"https:\/\/knjiznica.ffzg.unizg.hr\/en\/resurces\/","title":{"rendered":"Information resources"},"content":{"rendered":"<div class=\"su-row\">\n<div class=\"su-column su-column-size-1-2\"><div class=\"su-column-inner su-u-clearfix su-u-trim\">\n\n\n\n<h2 class=\"wp-block-heading\"><a aria-label=\" (opens in a new tab)\" rel=\"noreferrer noopener\" class=\"ek-link\" href=\"http:\/\/koha.ffzg.unizg.hr\" target=\"_blank\">FFZG Library Catalog<\/a><\/h2>\n\n\n\n<p>Knjige, \u010dasopisi, odabrani \u010dlanci, AV gra\u0111a i drugo u fondu Knji\u017enice FFZG-a.<\/p>\n\n\n\n<h2 class=\"wp-block-heading\"><a href=\"http:\/\/katalog.knjiznica.ffzg.hr\/ecas\/\" target=\"_blank\" rel=\"noreferrer noopener\">E-resources catalog<\/a><\/h2>\n\n\n\n<p>Elektroni\u010dki \u010dasopisi i knjige u dostupnim bazama podataka.<\/p>\n\n\n\n<h2 class=\"wp-block-heading\"><a aria-label=\" (opens in a new tab)\" rel=\"noreferrer noopener\" class=\"ek-link\" href=\"http:\/\/skupnikatalog.nsk.hr\/\" target=\"_blank\">Union catalog<\/a><\/h2>\n\n\n\n<p>Obuhva\u0107a vi\u0161e od 45 knji\u017eni\u010dnih kataloga visoko\u0161kolskih i specijalnih knji\u017enica.<\/p>\n\n\n<\/div><\/div>\n<div class=\"su-column su-column-size-1-2\"><div class=\"su-column-inner su-u-clearfix su-u-trim\">\n\n\n\n<h2 class=\"wp-block-heading\"><a href=\"\/en\/databases\">Databases<\/a><\/h2>\n\n\n\n<p>\u010clanci, disertacije, knjige i ostalo u bazama podataka dostupnim hrvatskoj akademskoj zajednici i u otvorenom pristupu.<\/p>\n\n\n\n<h2 class=\"wp-block-heading\"><a href=\"https:\/\/repozitorij.ffzg.unizg.hr\/en\">ODRAZ &#8211; institutional repository<\/a><\/h2>\n\n\n\n<p>Radovi djelatnika i studenata FFZG-a: \u010dlanci, knjige, disertacije, diplomski i zavr\u0161ni radovi, nastavni materijali i drugo.<\/p>\n\n\n\n<h2 class=\"wp-block-heading\"><a href=\"https:\/\/openbooks.ffzg.unizg.hr\/index.php\/FFpress\/user\/setLocale\/en_US?source=%2Findex.php%2FFFpress\" target=\"_blank\" rel=\"noreferrer noopener\">FF Open Press<\/a><\/h2>\n\n\n\n<p>Izdanja Filozofskog fakulteta u Zagrebu u otvorenom pristupu.<\/p>\n\n\n<\/div><\/div>\n<\/div>\n\n\n<div class=\"su-spacer\" style=\"height:30px\"><\/div>\n\n\n<div class=\"su-note\"  style=\"border-color:#d4d4d4;border-radius:3px;-moz-border-radius:3px;-webkit-border-radius:3px;\"><div class=\"su-note-inner su-u-clearfix su-u-trim\" style=\"background-color:#eee;border-color:#ffffff;color:#333333;border-radius:3px;-moz-border-radius:3px;-webkit-border-radius:3px;\">Knji\u017enica po\u0161tuje propise o intelektualnom vlasni\u0161tvu i odluke nositelja autorskih prava, uz nastojanje da se omogu\u0107i pristup \u0161to ve\u0107em broju korisnika i javnosti. Korisnici su du\u017eni koristiti elektroni\u010dku gra\u0111u u skladu s propisima o za\u0161titi autorskih prava, za osobne potrebe i bez daljnje distribucije i priop\u0107avanja javnosti.<\/div><\/div>\n\n\n\n<div style=\"height:30px\" aria-hidden=\"true\" class=\"wp-block-spacer\"><\/div>\n\n\n\n<h2 class=\"wp-block-heading\">Other libraries<\/h2>\n\n\n<div class=\"su-row\">\n<div class=\"su-column su-column-size-1-2\"><div class=\"su-column-inner su-u-clearfix su-u-trim\">\n\n\n\n<h3 class=\"wp-block-heading\">Academic libraries<\/h3>\n\n\n\n<ul class=\"wp-block-list\"><li><a href=\"http:\/\/katalog.nsk.hr\/\">Nacionalna i sveu\u010dili\u0161na knji\u017enica<\/a><\/li><li><a href=\"http:\/\/zag.nsk.hr\/\">Katalog Sveu\u010dili\u0161ta u Zagrebu<\/a><\/li><li><a href=\"http:\/\/opak.crolib.hr\/bnew\/search.html\">CROLIST &#8211; skupni katalog<\/a><\/li><li><a href=\"http:\/\/www.gskos.hr\/index.php?option=com_content&amp;task=view&amp;id=61&amp;Itemid=76\">Gradska i sveu\u010dili\u0161na knji\u017enica Osijek<\/a><\/li><li><a href=\"http:\/\/161.53.146.5\/anew\/search.html\">Sveu\u010dili\u0161na knji\u017enica u Puli<\/a><\/li><li><a href=\"http:\/\/www.svkri.hr\/portal\/index.php\">Sveu\u010dili\u0161na knji\u017enica u Rijeci<\/a><\/li><li><a href=\"http:\/\/libar.svkst.hr\/anew\/search.html\">Sveu\u010dili\u0161na knji\u017enica u Splitu<\/a><\/li><li><a href=\"http:\/\/crolist.unizd.hr\/anew\/search.html\">Sveu\u010dili\u0161na knji\u017enica u Zadru<\/a><\/li><li><a href=\"http:\/\/katalog.hazu.hr\/web\/start01.htm\">Knji\u017enica HAZU<\/a><\/li><li><a href=\"http:\/\/193.198.21.2\/anew\/search.html\">Znanstvena knji\u017enica Dubrovnik<\/a><\/li><li><a href=\"http:\/\/sun.zkzd.hr\/anew\/search.html\">Znanstvena knji\u017enica Zadar<\/a><\/li><\/ul>\n\n\n<\/div><\/div>\n<div class=\"su-column su-column-size-1-2\"><div class=\"su-column-inner su-u-clearfix su-u-trim\">\n\n\n\n<h3 class=\"wp-block-heading\">Zagreb City Libraries<\/h3>\n\n\n\n<ul class=\"wp-block-list\"><li><a href=\"http:\/\/katalog.kgz.hr\/pages\/search.aspx?&amp;currentPage=1&amp;searchById=-1\">KGZ &#8211; Knji\u017enice grada Zagreba<\/a><\/li><\/ul>\n\n\n\n<h3 class=\"wp-block-heading\">Libraries around the world<\/h3>\n\n\n\n<ul class=\"wp-block-list\"><li><a href=\"http:\/\/www.udcc.org\/opacs.htm\">Knji\u017enice koje koriste UDK<\/a><\/li><li><a href=\"http:\/\/en.wikipedia.org\/wiki\/List_of_national_and_state_libraries\">Popis kataloga nacionalnih knji\u017enica diljem svijeta<\/a><\/li><li><a href=\"http:\/\/www.theeuropeanlibrary.org\/tel4\/\">The European Library<\/a><\/li><\/ul>\n\n\n\n<h3 class=\"wp-block-heading\">Alternative libraries<\/h3>\n\n\n\n<ul class=\"wp-block-list\"><li><a href=\"http:\/\/www.zenstud.hr\/index.php?option=com_content&amp;task=view&amp;id=20&amp;Itemid=11\">Knji\u017enica Centra za \u017eenske studije<\/a><\/li><\/ul>\n\n\n<\/div><\/div>\n<\/div>\n\n\n\n<p><\/p>\n","protected":false},"excerpt":{"rendered":"<p>Other libraries<\/p>\n","protected":false},"author":1,"featured_media":0,"parent":0,"menu_order":0,"comment_status":"closed","ping_status":"closed","template":"","meta":{"ocean_post_layout":"","ocean_both_sidebars_style":"","ocean_both_sidebars_content_width":0,"ocean_both_sidebars_sidebars_width":0,"ocean_sidebar":"0","ocean_second_sidebar":"0","ocean_disable_margins":"enable","ocean_add_body_class":"","ocean_shortcode_before_top_bar":"","ocean_shortcode_after_top_bar":"","ocean_shortcode_before_header":"","ocean_shortcode_after_header":"","ocean_has_shortcode":"","ocean_shortcode_after_title":"","ocean_shortcode_before_footer_widgets":"","ocean_shortcode_after_footer_widgets":"","ocean_shortcode_before_footer_bottom":"","ocean_shortcode_after_footer_bottom":"","ocean_display_top_bar":"default","ocean_display_header":"default","ocean_header_style":"","ocean_center_header_left_menu":"0","ocean_custom_header_template":"0","ocean_custom_logo":0,"ocean_custom_retina_logo":0,"ocean_custom_logo_max_width":0,"ocean_custom_logo_tablet_max_width":0,"ocean_custom_logo_mobile_max_width":0,"ocean_custom_logo_max_height":0,"ocean_custom_logo_tablet_max_height":0,"ocean_custom_logo_mobile_max_height":0,"ocean_header_custom_menu":"0","ocean_menu_typo_font_family":"0","ocean_menu_typo_font_subset":"","ocean_menu_typo_font_size":0,"ocean_menu_typo_font_size_tablet":0,"ocean_menu_typo_font_size_mobile":0,"ocean_menu_typo_font_size_unit":"px","ocean_menu_typo_font_weight":"","ocean_menu_typo_font_weight_tablet":"","ocean_menu_typo_font_weight_mobile":"","ocean_menu_typo_transform":"","ocean_menu_typo_transform_tablet":"","ocean_menu_typo_transform_mobile":"","ocean_menu_typo_line_height":0,"ocean_menu_typo_line_height_tablet":0,"ocean_menu_typo_line_height_mobile":0,"ocean_menu_typo_line_height_unit":"","ocean_menu_typo_spacing":0,"ocean_menu_typo_spacing_tablet":0,"ocean_menu_typo_spacing_mobile":0,"ocean_menu_typo_spacing_unit":"","ocean_menu_link_color":"","ocean_menu_link_color_hover":"","ocean_menu_link_color_active":"","ocean_menu_link_background":"","ocean_menu_link_hover_background":"","ocean_menu_link_active_background":"","ocean_menu_social_links_bg":"","ocean_menu_social_hover_links_bg":"","ocean_menu_social_links_color":"","ocean_menu_social_hover_links_color":"","ocean_disable_title":"default","ocean_disable_heading":"default","ocean_post_title":"","ocean_post_subheading":"","ocean_post_title_style":"background-image","ocean_post_title_background_color":"","ocean_post_title_background":2561,"ocean_post_title_bg_image_position":"","ocean_post_title_bg_image_attachment":"","ocean_post_title_bg_image_repeat":"repeat","ocean_post_title_bg_image_size":"contain","ocean_post_title_height":0,"ocean_post_title_bg_overlay":0.8,"ocean_post_title_bg_overlay_color":"#39c08f","ocean_disable_breadcrumbs":"default","ocean_breadcrumbs_color":"","ocean_breadcrumbs_separator_color":"","ocean_breadcrumbs_links_color":"","ocean_breadcrumbs_links_hover_color":"","ocean_display_footer_widgets":"default","ocean_display_footer_bottom":"default","ocean_custom_footer_template":"0","footnotes":""},"class_list":["post-4982","page","type-page","status-publish","hentry","entry"],"_links":{"self":[{"href":"https:\/\/knjiznica.ffzg.unizg.hr\/en\/wp-json\/wp\/v2\/pages\/4982","targetHints":{"allow":["GET"]}}],"collection":[{"href":"https:\/\/knjiznica.ffzg.unizg.hr\/en\/wp-json\/wp\/v2\/pages"}],"about":[{"href":"https:\/\/knjiznica.ffzg.unizg.hr\/en\/wp-json\/wp\/v2\/types\/page"}],"author":[{"embeddable":true,"href":"https:\/\/knjiznica.ffzg.unizg.hr\/en\/wp-json\/wp\/v2\/users\/1"}],"replies":[{"embeddable":true,"href":"https:\/\/knjiznica.ffzg.unizg.hr\/en\/wp-json\/wp\/v2\/comments?post=4982"}],"version-history":[{"count":2,"href":"https:\/\/knjiznica.ffzg.unizg.hr\/en\/wp-json\/wp\/v2\/pages\/4982\/revisions"}],"predecessor-version":[{"id":5232,"href":"https:\/\/knjiznica.ffzg.unizg.hr\/en\/wp-json\/wp\/v2\/pages\/4982\/revisions\/5232"}],"wp:attachment":[{"href":"https:\/\/knjiznica.ffzg.unizg.hr\/en\/wp-json\/wp\/v2\/media?parent=4982"}],"curies":[{"name":"wp","href":"https:\/\/api.w.org\/{rel}","templated":true}]}}