{"id":3549,"date":"2021-07-22T11:06:22","date_gmt":"2021-07-22T09:06:22","guid":{"rendered":"https:\/\/kweb.ffzg.unizg.hr\/?page_id=3549"},"modified":"2021-07-29T18:33:19","modified_gmt":"2021-07-29T16:33:19","slug":"slavic-studies","status":"publish","type":"page","link":"https:\/\/knjiznica.ffzg.unizg.hr\/en\/collections\/slavic-studies\/","title":{"rendered":"Slavic Languages and Literatures Collection"},"content":{"rendered":"\n<h3 class=\"wp-block-heading\">Croatian Language and Literature and South Slavic Studies<\/h3>\n\n\n\n<p><strong>Contact information:<\/strong><\/p>\n\n\n\n<p>Subject Librarian: <strong>Sanja \u0160krlec<\/strong><\/p>\n\n\n\n<p>Phone: 01\/4092-220; ext. 2220<br>e-mail:\u00a0<a href=\"mailto:szinic@ffzg.hr\">szinic@ffzg.hr<\/a><br>Location: Library, room 3.3.3.<\/p>\n\n\n\n<p>Subject Librarian: <strong>Sanja Kova\u010devi\u0107<\/strong><\/p>\n\n\n\n<p>Phone: 01\/4092-221; ext. 2221<br>fax: 01\/4092-221<br>e-mail:\u00a0<a href=\"mailto:skovace@ffzg.hr\">skovace@ffzg.hr<\/a><br>Location: Library, room 3.6.\u00a0<\/p>\n\n\n\n<h3 class=\"wp-block-heading\">West Slavic Studies<\/h3>\n\n\n\n<p><strong>Contact information:<\/strong><\/p>\n\n\n\n<p>Subject Librarian: <strong>Jasmina So\u010do<\/strong><\/p>\n\n\n\n<p>Phone: 01\/4092-220; ext. 2220<br>e-mail:\u00a0<a href=\"mailto:jsoco@ffzg.hr\">jsoco@ffzg.hr<\/a><br>Location: Library, room 3.3.3.<\/p>\n\n\n\n<h3 class=\"wp-block-heading\">East  Slavic Studies <\/h3>\n\n\n\n<p><strong>Contact information:<\/strong><\/p>\n\n\n\n<p>Subject Librarian: <strong>Greta \u0160imi\u010devi\u0107 Pavlovi\u0107<\/strong><\/p>\n\n\n\n<p>Phone: 01\/4092-221; ext. 2221<br>fax: 01\/4092-221<br>e-mail:\u00a0<a href=\"mailto:gsimicev@ffzg.hr\">gsimicev@ffzg.hr<\/a><br>Location: Library, room 3.6.<\/p>\n\n\n\n<h3 class=\"wp-block-heading\">Related information<\/h3>\n\n\n\n<p><a href=\"http:\/\/www.ffzg.hr\/kroat\/\">Odsjek za kroatistiku<\/a><\/p>\n\n\n\n<p><a href=\"http:\/\/www.ffzg.unizg.hr\/slaven\/juzslav\/\">Odsjek za ju\u017enoslavenske jezike i knji\u017eevnosti<\/a><\/p>\n\n\n\n<p><a href=\"http:\/\/www.ffzg.hr\/zslav\/\">Odsjek za zapadnoslavenske jezike i knji\u017eevnosti<\/a><\/p>\n\n\n\n<p><a href=\"http:\/\/www.ffzg.hr\/islav\/\">Odsjek za isto\u010dnoslavenske jezike i knji\u017eevnosti<\/a><\/p>\n\n\n\n<h3 class=\"wp-block-heading\">Subject Classification Scheme and Call Number List<\/h3>\n\n\n\n<p>The subject area classification in the Slavic Languages and Literatures Collection is available on the following page:\u00a0<a href=\"http:\/\/saturn.ffzg.hr\/raspored_gradje\/index.cgi?d\">ovoj stranici<\/a>\u00a0<\/p>\n\n\n\n<h3 class=\"wp-block-heading\">Location<\/h3>\n\n\n\n<p><strong>3rd floor<\/strong><\/p>\n\n\n\n<p><strong>Shelf Mark<\/strong>:\u00a0<strong>D<\/strong><\/p>\n","protected":false},"excerpt":{"rendered":"<p>Croatian Language and Literature and South Slavic Studies Contact information: Subject Librarian: Sanja \u0160krlec Phone: 01\/4092-220; ext. 2220e-mail:\u00a0szinic@ffzg.hrLocation: Library, room 3.3.3. Subject Librarian: Sanja Kova\u010devi\u0107 Phone: 01\/4092-221; ext. 2221fax: 01\/4092-221e-mail:\u00a0skovace@ffzg.hrLocation: Library, room 3.6.\u00a0 West Slavic Studies Contact information: Subject Librarian: Jasmina So\u010do Phone: 01\/4092-220; ext. 2220e-mail:\u00a0jsoco@ffzg.hrLocation: Library, room 3.3.3. East Slavic Studies Contact information: Subject [&hellip;]<\/p>\n","protected":false},"author":5,"featured_media":0,"parent":852,"menu_order":0,"comment_status":"closed","ping_status":"closed","template":"","meta":{"ocean_post_layout":"","ocean_both_sidebars_style":"","ocean_both_sidebars_content_width":0,"ocean_both_sidebars_sidebars_width":0,"ocean_sidebar":"0","ocean_second_sidebar":"0","ocean_disable_margins":"enable","ocean_add_body_class":"","ocean_shortcode_before_top_bar":"","ocean_shortcode_after_top_bar":"","ocean_shortcode_before_header":"","ocean_shortcode_after_header":"","ocean_has_shortcode":"","ocean_shortcode_after_title":"","ocean_shortcode_before_footer_widgets":"","ocean_shortcode_after_footer_widgets":"","ocean_shortcode_before_footer_bottom":"","ocean_shortcode_after_footer_bottom":"","ocean_display_top_bar":"default","ocean_display_header":"default","ocean_header_style":"","ocean_center_header_left_menu":"0","ocean_custom_header_template":"0","ocean_custom_logo":0,"ocean_custom_retina_logo":0,"ocean_custom_logo_max_width":0,"ocean_custom_logo_tablet_max_width":0,"ocean_custom_logo_mobile_max_width":0,"ocean_custom_logo_max_height":0,"ocean_custom_logo_tablet_max_height":0,"ocean_custom_logo_mobile_max_height":0,"ocean_header_custom_menu":"0","ocean_menu_typo_font_family":"0","ocean_menu_typo_font_subset":"","ocean_menu_typo_font_size":0,"ocean_menu_typo_font_size_tablet":0,"ocean_menu_typo_font_size_mobile":0,"ocean_menu_typo_font_size_unit":"px","ocean_menu_typo_font_weight":"","ocean_menu_typo_font_weight_tablet":"","ocean_menu_typo_font_weight_mobile":"","ocean_menu_typo_transform":"","ocean_menu_typo_transform_tablet":"","ocean_menu_typo_transform_mobile":"","ocean_menu_typo_line_height":0,"ocean_menu_typo_line_height_tablet":0,"ocean_menu_typo_line_height_mobile":0,"ocean_menu_typo_line_height_unit":"","ocean_menu_typo_spacing":0,"ocean_menu_typo_spacing_tablet":0,"ocean_menu_typo_spacing_mobile":0,"ocean_menu_typo_spacing_unit":"","ocean_menu_link_color":"","ocean_menu_link_color_hover":"","ocean_menu_link_color_active":"","ocean_menu_link_background":"","ocean_menu_link_hover_background":"","ocean_menu_link_active_background":"","ocean_menu_social_links_bg":"","ocean_menu_social_hover_links_bg":"","ocean_menu_social_links_color":"","ocean_menu_social_hover_links_color":"","ocean_disable_title":"default","ocean_disable_heading":"default","ocean_post_title":"","ocean_post_subheading":"","ocean_post_title_style":"","ocean_post_title_background_color":"","ocean_post_title_background":0,"ocean_post_title_bg_image_position":"","ocean_post_title_bg_image_attachment":"","ocean_post_title_bg_image_repeat":"","ocean_post_title_bg_image_size":"","ocean_post_title_height":0,"ocean_post_title_bg_overlay":0.5,"ocean_post_title_bg_overlay_color":"","ocean_disable_breadcrumbs":"default","ocean_breadcrumbs_color":"","ocean_breadcrumbs_separator_color":"","ocean_breadcrumbs_links_color":"","ocean_breadcrumbs_links_hover_color":"","ocean_display_footer_widgets":"default","ocean_display_footer_bottom":"default","ocean_custom_footer_template":"0","footnotes":""},"class_list":["post-3549","page","type-page","status-publish","hentry","entry"],"_links":{"self":[{"href":"https:\/\/knjiznica.ffzg.unizg.hr\/en\/wp-json\/wp\/v2\/pages\/3549","targetHints":{"allow":["GET"]}}],"collection":[{"href":"https:\/\/knjiznica.ffzg.unizg.hr\/en\/wp-json\/wp\/v2\/pages"}],"about":[{"href":"https:\/\/knjiznica.ffzg.unizg.hr\/en\/wp-json\/wp\/v2\/types\/page"}],"author":[{"embeddable":true,"href":"https:\/\/knjiznica.ffzg.unizg.hr\/en\/wp-json\/wp\/v2\/users\/5"}],"replies":[{"embeddable":true,"href":"https:\/\/knjiznica.ffzg.unizg.hr\/en\/wp-json\/wp\/v2\/comments?post=3549"}],"version-history":[{"count":3,"href":"https:\/\/knjiznica.ffzg.unizg.hr\/en\/wp-json\/wp\/v2\/pages\/3549\/revisions"}],"predecessor-version":[{"id":3775,"href":"https:\/\/knjiznica.ffzg.unizg.hr\/en\/wp-json\/wp\/v2\/pages\/3549\/revisions\/3775"}],"up":[{"embeddable":true,"href":"https:\/\/knjiznica.ffzg.unizg.hr\/en\/wp-json\/wp\/v2\/pages\/852"}],"wp:attachment":[{"href":"https:\/\/knjiznica.ffzg.unizg.hr\/en\/wp-json\/wp\/v2\/media?parent=3549"}],"curies":[{"name":"wp","href":"https:\/\/api.w.org\/{rel}","templated":true}]}}