{"id":3541,"date":"2021-07-22T11:18:39","date_gmt":"2021-07-22T09:18:39","guid":{"rendered":"https:\/\/kweb.ffzg.unizg.hr\/?page_id=3541"},"modified":"2026-01-30T15:25:48","modified_gmt":"2026-01-30T14:25:48","slug":"italian-studies","status":"publish","type":"page","link":"https:\/\/knjiznica.ffzg.unizg.hr\/en\/collections\/italian-studies\/","title":{"rendered":"Italian Language and Literature Collection"},"content":{"rendered":"\n<h3 class=\"wp-block-heading\">Contact information<\/h3>\n\n\n\n<p> Subject Librarian: <strong>Nevia Raos, BA in Italian Language and  Literature and Philosophy<\/strong><\/p>\n\n\n\n<p>Phone: 01\/4092-384; ext. 2384<br>e-mail:&nbsp;<a href=\"mailto:nraos@ffzg.hr\">nraos@ffzg.hr<\/a><br>Location: Library, room 5.6.<\/p>\n\n\n\n<p><\/p>\n\n\n\n<p>The Collection of Italian Language and Literature is one of the neophilological collections located on the fifth floor of the Library of the Faculty of Humanities and Social Sciences.<br>It collects, catalogues, preserves and makes available library materials for teaching, learning and scientific work in the field of Italian language and literature, and Italian Studies in general, for the study programmes and scientific projects of the Department of Italian and also the Faculty of Humanities and Social Sciences, University of Zagreb.<\/p>\n\n\n\n<h3 class=\"wp-block-heading\">Subject Classification Scheme and Call Number List<\/h3>\n\n\n\n<p>The subject area classification in the Italian Language and Literature Collection is available <a href=\"http:\/\/saturn.ffzg.hr\/raspored_gradje\/index.cgi?fd\">here<\/a>.<\/p>\n\n\n\n<h3 class=\"wp-block-heading\">Related information<\/h3>\n\n\n\n<p><a href=\"http:\/\/www.ffzg.hr\/talijan\/\">Odsjek za talijanistiku<\/a><\/p>\n\n\n\n<p><a href=\"http:\/\/knjiznica.ffzg.unizg.hr\/tal-galerija-slika\">Selidba Knji\u017enice Odsjeka za talijanistiku (galerija slika)<\/a><\/p>\n\n\n\n<p><a target=\"_blank\" href=\"http:\/\/knjiznica.ffzg.unizg.hr\/talijanistika\/izlozba-90-obljetnica-poster.pdf\" rel=\"noreferrer noopener\">Izlo\u017eba povodom 90. obljetnice Talijanisti\u010dke knji\u017enice i Talijanskog proseminara<\/a><\/p>\n\n\n\n<p><a href=\"http:\/\/www.iiczagabria.esteri.it\/IIC_Zagabria\/Menu\/La_Biblioteca\/\">Knji\u017enica Talijanskoga instituta za kulturu u Zagrebu<\/a><\/p>\n\n\n\n<p><a href=\"http:\/\/www.iiczagabria.esteri.it\/IIC_Zagabria\/Menu\/La_Biblioteca\/Catalogo_online\/\">Katalog Knji\u017enice Talijanskoga instituta za kulturu u Zagrebu<\/a><\/p>\n\n\n\n<h3 class=\"wp-block-heading\">Location<\/h3>\n\n\n\n<p><strong>5th floor<\/strong><\/p>\n\n\n\n<p><strong>Shelf Mark:<\/strong> <strong>FD<\/strong><\/p>\n","protected":false},"excerpt":{"rendered":"<p>Contact information Subject Librarian: Nevia Raos, BA in Italian Language and Literature and Philosophy Phone: 01\/4092-384; ext. 2384e-mail:&nbsp;nraos@ffzg.hrLocation: Library, room 5.6. The Collection of Italian Language and Literature is one of the neophilological collections located on the fifth floor of the Library of the Faculty of Humanities and Social Sciences.It collects, catalogues, preserves and makes [&hellip;]<\/p>\n","protected":false},"author":5,"featured_media":0,"parent":852,"menu_order":0,"comment_status":"closed","ping_status":"closed","template":"","meta":{"ocean_post_layout":"","ocean_both_sidebars_style":"","ocean_both_sidebars_content_width":0,"ocean_both_sidebars_sidebars_width":0,"ocean_sidebar":"0","ocean_second_sidebar":"0","ocean_disable_margins":"enable","ocean_add_body_class":"","ocean_shortcode_before_top_bar":"","ocean_shortcode_after_top_bar":"","ocean_shortcode_before_header":"","ocean_shortcode_after_header":"","ocean_has_shortcode":"","ocean_shortcode_after_title":"","ocean_shortcode_before_footer_widgets":"","ocean_shortcode_after_footer_widgets":"","ocean_shortcode_before_footer_bottom":"","ocean_shortcode_after_footer_bottom":"","ocean_display_top_bar":"default","ocean_display_header":"default","ocean_header_style":"","ocean_center_header_left_menu":"0","ocean_custom_header_template":"0","ocean_custom_logo":0,"ocean_custom_retina_logo":0,"ocean_custom_logo_max_width":0,"ocean_custom_logo_tablet_max_width":0,"ocean_custom_logo_mobile_max_width":0,"ocean_custom_logo_max_height":0,"ocean_custom_logo_tablet_max_height":0,"ocean_custom_logo_mobile_max_height":0,"ocean_header_custom_menu":"0","ocean_menu_typo_font_family":"0","ocean_menu_typo_font_subset":"","ocean_menu_typo_font_size":0,"ocean_menu_typo_font_size_tablet":0,"ocean_menu_typo_font_size_mobile":0,"ocean_menu_typo_font_size_unit":"px","ocean_menu_typo_font_weight":"","ocean_menu_typo_font_weight_tablet":"","ocean_menu_typo_font_weight_mobile":"","ocean_menu_typo_transform":"","ocean_menu_typo_transform_tablet":"","ocean_menu_typo_transform_mobile":"","ocean_menu_typo_line_height":0,"ocean_menu_typo_line_height_tablet":0,"ocean_menu_typo_line_height_mobile":0,"ocean_menu_typo_line_height_unit":"","ocean_menu_typo_spacing":0,"ocean_menu_typo_spacing_tablet":0,"ocean_menu_typo_spacing_mobile":0,"ocean_menu_typo_spacing_unit":"","ocean_menu_link_color":"","ocean_menu_link_color_hover":"","ocean_menu_link_color_active":"","ocean_menu_link_background":"","ocean_menu_link_hover_background":"","ocean_menu_link_active_background":"","ocean_menu_social_links_bg":"","ocean_menu_social_hover_links_bg":"","ocean_menu_social_links_color":"","ocean_menu_social_hover_links_color":"","ocean_disable_title":"default","ocean_disable_heading":"default","ocean_post_title":"","ocean_post_subheading":"","ocean_post_title_style":"","ocean_post_title_background_color":"","ocean_post_title_background":0,"ocean_post_title_bg_image_position":"","ocean_post_title_bg_image_attachment":"","ocean_post_title_bg_image_repeat":"","ocean_post_title_bg_image_size":"","ocean_post_title_height":0,"ocean_post_title_bg_overlay":0.5,"ocean_post_title_bg_overlay_color":"","ocean_disable_breadcrumbs":"default","ocean_breadcrumbs_color":"","ocean_breadcrumbs_separator_color":"","ocean_breadcrumbs_links_color":"","ocean_breadcrumbs_links_hover_color":"","ocean_display_footer_widgets":"default","ocean_display_footer_bottom":"default","ocean_custom_footer_template":"0","footnotes":""},"class_list":["post-3541","page","type-page","status-publish","hentry","entry"],"_links":{"self":[{"href":"https:\/\/knjiznica.ffzg.unizg.hr\/en\/wp-json\/wp\/v2\/pages\/3541","targetHints":{"allow":["GET"]}}],"collection":[{"href":"https:\/\/knjiznica.ffzg.unizg.hr\/en\/wp-json\/wp\/v2\/pages"}],"about":[{"href":"https:\/\/knjiznica.ffzg.unizg.hr\/en\/wp-json\/wp\/v2\/types\/page"}],"author":[{"embeddable":true,"href":"https:\/\/knjiznica.ffzg.unizg.hr\/en\/wp-json\/wp\/v2\/users\/5"}],"replies":[{"embeddable":true,"href":"https:\/\/knjiznica.ffzg.unizg.hr\/en\/wp-json\/wp\/v2\/comments?post=3541"}],"version-history":[{"count":7,"href":"https:\/\/knjiznica.ffzg.unizg.hr\/en\/wp-json\/wp\/v2\/pages\/3541\/revisions"}],"predecessor-version":[{"id":8436,"href":"https:\/\/knjiznica.ffzg.unizg.hr\/en\/wp-json\/wp\/v2\/pages\/3541\/revisions\/8436"}],"up":[{"embeddable":true,"href":"https:\/\/knjiznica.ffzg.unizg.hr\/en\/wp-json\/wp\/v2\/pages\/852"}],"wp:attachment":[{"href":"https:\/\/knjiznica.ffzg.unizg.hr\/en\/wp-json\/wp\/v2\/media?parent=3541"}],"curies":[{"name":"wp","href":"https:\/\/api.w.org\/{rel}","templated":true}]}}